{"id":69,"date":"2024-01-05T19:41:07","date_gmt":"2024-01-05T18:41:07","guid":{"rendered":"https:\/\/stephenk.cc\/?page_id=69"},"modified":"2024-01-05T22:39:04","modified_gmt":"2024-01-05T21:39:04","slug":"systemisches-coaching","status":"publish","type":"page","link":"https:\/\/stephenk.cc\/?page_id=69","title":{"rendered":"Coaching"},"content":{"rendered":"\n<p class=\"is-style-default has-medium-font-size\">Ich biete systemisches Coaching an.<\/p>\n\n\n\n<h2 class=\"wp-block-heading\">Was ist systemisches Coaching?<\/h2>\n\n\n\n<p class=\"has-medium-font-size\">Unter diesem Begriff l\u00e4sst sich ganz gut professionelles Coaching zusammenfassen. Der systemische Grundgedanke entstammt der Familientherapie und basiert auf dem Gedanken, dass jeder Mensch immer teil eines Systems ist. Diese Systeme k\u00f6nnen im privaten und beruflichen Umfeld sein und haben nat\u00fcrlich auch eine Wechselwirkung. Diese Systeme haben verschiedene Merkmale und sind grunds\u00e4tzlich immer auf der Suche nach einem Gleichgewicht. Dieses Gleichgewicht kann von au\u00dfen und innen betrachtet werden. Au\u00dferdem kann es durch sogenannte Interventionen aus dem Gleichgewicht gebracht werden bzw. bei Ver\u00e4nderungen auch ein neues Gleichgewicht finden.<\/p>\n\n\n\n<p class=\"has-medium-font-size\">Als systemischer Coach nimmt man die Rolle des Beobachters ein und hilft dem Coachee dabei die eignen Systeme zu erkennen und begleitet auf Wunsch auch eine Ver\u00e4nderung.<\/p>\n\n\n\n<p class=\"has-medium-font-size\">Wesentlicher Grundsatz bei professionellem, systemischen Coaching ist, dass die L\u00f6sung immer im Coachee selbst liegt. Der Coach begleitet ausschlie\u00dflich methodisch und unterst\u00fctzt inter- und intra-personelle Entwicklungen.<\/p>\n\n\n\n<h2 class=\"wp-block-heading\">Abgrenzung zum Mentoring<\/h2>\n\n\n\n<p class=\"has-medium-font-size\">Beim Mentoring liegt die L\u00f6sungskompetenz beim Mentor &#8211; was einen kritischen und damit wesentlichen Unterschied zum Coaching darstellt. Mentoring kann begleitend zu Coaching zum Einsatz kommen, sollte jedoch immer von einer anderen Person durchgef\u00fchrt werden, um Interessenskonflikte zu vermeiden. Mentoring kommt klassisch bei Trainings, der Ausbildung oder in der Einarbeitungsphase zum Einsatz.<\/p>\n\n\n\n<h2 class=\"wp-block-heading\">Inhalt und Ablauf des Coachings<\/h2>\n\n\n\n<p class=\"has-medium-font-size\">Coaching werden bei mir grunds\u00e4tzlich nach der gleichen Methode und den gleichen Grunds\u00e4tzen durchgef\u00fchrt. Inhaltlich orientiere ich mich immer und ausschlie\u00dflich an den Bed\u00fcrfnissen des Coachees.<\/p>\n\n\n\n<ul>\n<li>Wir beginnen immer mit einem Erstgepr\u00e4ch (kostenfrei), um festzustellen, ob und wie wir miteinander arbeiten werden. Du und ich k\u00f6nnen dabei frei entscheiden, ob es passt.<\/li>\n\n\n\n<li>Das eigentliche Coaching beginnt dann mit einer strukturierten Auftragskl\u00e4rung, bei der wir gemeinsam den Inhalt des Coachings, die Routine (wann &amp; wie oft treffen wir uns) und die Erfolgskriterien festlegen.<\/li>\n\n\n\n<li>Im Regelfall dauert ein Coaching-Session ca. 90 min und findet alle 4 Wochen statt.<\/li>\n\n\n\n<li>Ein Coaching sollte zwischen 6 und 12 Monaten geplant werden, um wirklich nachhaltige Ver\u00e4nderungen zu bewirken.<\/li>\n\n\n\n<li>Die L\u00f6sung liegt in Dir, deshalb ist Deine Mitarbeit zu 100% notwendig.<\/li>\n\n\n\n<li>Im Fokus stehen berufliche oder pers\u00f6nliche Themen. Ich bin kein ausgebildeter Therapeut oder Psychologe.<\/li>\n<\/ul>\n","protected":false},"excerpt":{"rendered":"<p>Ich biete systemisches Coaching an. Was ist systemisches Coaching? Unter diesem Begriff l\u00e4sst sich ganz gut professionelles Coaching zusammenfassen. Der systemische Grundgedanke [&hellip;]<\/p>\n","protected":false},"author":1,"featured_media":35,"parent":0,"menu_order":0,"comment_status":"closed","ping_status":"closed","template":"","meta":{"footnotes":""},"jetpack_sharing_enabled":true,"jetpack_likes_enabled":false,"_links":{"self":[{"href":"https:\/\/stephenk.cc\/index.php?rest_route=\/wp\/v2\/pages\/69"}],"collection":[{"href":"https:\/\/stephenk.cc\/index.php?rest_route=\/wp\/v2\/pages"}],"about":[{"href":"https:\/\/stephenk.cc\/index.php?rest_route=\/wp\/v2\/types\/page"}],"author":[{"embeddable":true,"href":"https:\/\/stephenk.cc\/index.php?rest_route=\/wp\/v2\/users\/1"}],"replies":[{"embeddable":true,"href":"https:\/\/stephenk.cc\/index.php?rest_route=%2Fwp%2Fv2%2Fcomments&post=69"}],"version-history":[{"count":5,"href":"https:\/\/stephenk.cc\/index.php?rest_route=\/wp\/v2\/pages\/69\/revisions"}],"predecessor-version":[{"id":137,"href":"https:\/\/stephenk.cc\/index.php?rest_route=\/wp\/v2\/pages\/69\/revisions\/137"}],"wp:featuredmedia":[{"embeddable":true,"href":"https:\/\/stephenk.cc\/index.php?rest_route=\/wp\/v2\/media\/35"}],"wp:attachment":[{"href":"https:\/\/stephenk.cc\/index.php?rest_route=%2Fwp%2Fv2%2Fmedia&parent=69"}],"curies":[{"name":"wp","href":"https:\/\/api.w.org\/{rel}","templated":true}]}}